{"id":2,"date":"2022-02-11T21:03:52","date_gmt":"2022-02-11T20:03:52","guid":{"rendered":"http:\/\/nocwalki.powiatolkuski.pl\/?page_id=2"},"modified":"2022-11-16T13:55:09","modified_gmt":"2022-11-16T12:55:09","slug":"sample-page","status":"publish","type":"page","link":"https:\/\/nocwalki.powiatolkuski.pl\/index.php\/sample-page\/","title":{"rendered":"Og\u0142oszenie"},"content":{"rendered":"\r\n<p class=\"has-text-align-left\"><strong>Do wszystkich wsp\u00f3lnot z powiatu olkuskiego i o\u015bciennych<\/strong><\/p>\r\n\r\n\r\n\r\n<ul class=\"wp-block-list\">\r\n<li><strong>Prosz\u0119 o zg\u0142aszanie si\u0119 os\u00f3b, wsp\u00f3lnot, kt\u00f3re chc\u0105 pom\u00f3c w organizacji tego wydarzenia.<\/strong><\/li>\r\n<li>\u00a0<\/li>\r\n<\/ul>\r\n\r\n\r\n\r\n<p class=\"has-text-align-left\">W nocy z 25 na 26 listopada 2022 (pi\u0105tek\/sobota) organizowane jest wydarzenie modlitewne <span style=\"color: #ff0000;\"><strong>Noc walki o b\u0142ogos\u0142awie\u0144stwo dla Polski <\/strong><\/span><span style=\"color: #0000ff;\"><strong>za wstawiennictwem \u015bw. Andrzeja Boboli.<br \/><\/strong><\/span>Wydarzenie to si\u0119 odb\u0119dzie w Parafii pw. Podwy\u017cszenia Krzy\u017ca \u015awi\u0119tego w Wolbromiu przy ul. Kamiennog\u00f3rskiej 11. Rozpocz\u0119cie o godz. 21.00 \u2013 Apelem Jasnog\u00f3rskim, a o 24.00 b\u0119dzie sprawowana uroczysta Msza \u015awi\u0119ta. Zako\u0144czenie planowane jest ok. godz. 2.30.<\/p>\r\n\r\n\r\n\r\n<p class=\"has-text-align-left\"><mark class=\"has-inline-color\" style=\"background-color: rgba(0, 0, 0, 0); color: #f80505;\"><strong>UWAGA !!!<\/strong> <\/mark><strong>To BARDZO WA\u017bNE DLA POLSKI!!!<\/strong> <br \/><br \/><\/p>\r\n\r\n\r\n\r\n<p><strong>Pozdrawiaj\u0105 Wojownicy Maryi Wolbrom<\/strong><\/p>\r\n\r\n\r\n\r\n<p><strong><mark class=\"has-inline-color\" style=\"background-color: rgba(0, 0, 0, 0); color: #1837ed;\">Poni\u017cej link do informacji og\u00f3lnopolskich na temat tego wydarzenia:<\/mark><\/strong><\/p>\r\n\r\n\r\n\r\n<blockquote class=\"wp-block-quote is-layout-flow wp-block-quote-is-layout-flow\">\r\n<p><a href=\"http:\/\/blogoslawienstwodlapolski.pl\/\">www. blogoslawienstwodlapolski.pl<\/a><\/p>\r\n<div id='gallery-1' class='gallery galleryid-2 gallery-columns-1 gallery-size-large'><figure class='gallery-item'>\n\t\t\t<div class='gallery-icon portrait'>\n\t\t\t\t<a href='https:\/\/nocwalki.powiatolkuski.pl\/wp-content\/uploads\/2022\/11\/Zaproszenie0.png'><img loading=\"lazy\" decoding=\"async\" width=\"729\" height=\"1024\" src=\"https:\/\/nocwalki.powiatolkuski.pl\/wp-content\/uploads\/2022\/11\/Zaproszenie0-729x1024.png\" class=\"attachment-large size-large\" alt=\"\" srcset=\"https:\/\/nocwalki.powiatolkuski.pl\/wp-content\/uploads\/2022\/11\/Zaproszenie0-729x1024.png 729w, https:\/\/nocwalki.powiatolkuski.pl\/wp-content\/uploads\/2022\/11\/Zaproszenie0-214x300.png 214w, https:\/\/nocwalki.powiatolkuski.pl\/wp-content\/uploads\/2022\/11\/Zaproszenie0-768x1078.png 768w, https:\/\/nocwalki.powiatolkuski.pl\/wp-content\/uploads\/2022\/11\/Zaproszenie0-1094x1536.png 1094w, https:\/\/nocwalki.powiatolkuski.pl\/wp-content\/uploads\/2022\/11\/Zaproszenie0.png 1346w\" sizes=\"auto, (max-width: 729px) 100vw, 729px\" \/><\/a>\n\t\t\t<\/div><\/figure><figure class='gallery-item'>\n\t\t\t<div class='gallery-icon portrait'>\n\t\t\t\t<a href='https:\/\/nocwalki.powiatolkuski.pl\/wp-content\/uploads\/2022\/11\/A6-Wierni2.png'><img loading=\"lazy\" decoding=\"async\" width=\"726\" height=\"1024\" src=\"https:\/\/nocwalki.powiatolkuski.pl\/wp-content\/uploads\/2022\/11\/A6-Wierni2-726x1024.png\" class=\"attachment-large size-large\" alt=\"\" srcset=\"https:\/\/nocwalki.powiatolkuski.pl\/wp-content\/uploads\/2022\/11\/A6-Wierni2-726x1024.png 726w, https:\/\/nocwalki.powiatolkuski.pl\/wp-content\/uploads\/2022\/11\/A6-Wierni2-213x300.png 213w, https:\/\/nocwalki.powiatolkuski.pl\/wp-content\/uploads\/2022\/11\/A6-Wierni2-768x1083.png 768w, https:\/\/nocwalki.powiatolkuski.pl\/wp-content\/uploads\/2022\/11\/A6-Wierni2-1090x1536.png 1090w, https:\/\/nocwalki.powiatolkuski.pl\/wp-content\/uploads\/2022\/11\/A6-Wierni2.png 1240w\" sizes=\"auto, (max-width: 726px) 100vw, 726px\" \/><\/a>\n\t\t\t<\/div><\/figure>\n\t\t<\/div>\n\r\n<p>&nbsp;<\/p>\r\n<\/blockquote>\r\n\r\n\r\n\r\n<p>&nbsp;<\/p>\r\n","protected":false},"excerpt":{"rendered":"<p>Do wszystkich wsp\u00f3lnot z powiatu olkuskiego i o\u015bciennych Prosz\u0119 o zg\u0142aszanie si\u0119 os\u00f3b, wsp\u00f3lnot, kt\u00f3re chc\u0105 pom\u00f3c w organizacji tego wydarzenia. \u00a0 W nocy z 25 na 26 listopada 2022 (pi\u0105tek\/sobota) organizowane jest wydarzenie modlitewne Noc walki o b\u0142ogos\u0142awie\u0144stwo dla Polski za wstawiennictwem \u015bw. Andrzeja Boboli.Wydarzenie to si\u0119 odb\u0119dzie w Parafii pw. Podwy\u017cszenia Krzy\u017ca \u015awi\u0119tego [&hellip;]<\/p>\n","protected":false},"author":1,"featured_media":109,"parent":0,"menu_order":0,"comment_status":"closed","ping_status":"closed","template":"","meta":{"footnotes":""},"class_list":["post-2","page","type-page","status-publish","has-post-thumbnail","hentry"],"_links":{"self":[{"href":"https:\/\/nocwalki.powiatolkuski.pl\/index.php\/wp-json\/wp\/v2\/pages\/2","targetHints":{"allow":["GET"]}}],"collection":[{"href":"https:\/\/nocwalki.powiatolkuski.pl\/index.php\/wp-json\/wp\/v2\/pages"}],"about":[{"href":"https:\/\/nocwalki.powiatolkuski.pl\/index.php\/wp-json\/wp\/v2\/types\/page"}],"author":[{"embeddable":true,"href":"https:\/\/nocwalki.powiatolkuski.pl\/index.php\/wp-json\/wp\/v2\/users\/1"}],"replies":[{"embeddable":true,"href":"https:\/\/nocwalki.powiatolkuski.pl\/index.php\/wp-json\/wp\/v2\/comments?post=2"}],"version-history":[{"count":13,"href":"https:\/\/nocwalki.powiatolkuski.pl\/index.php\/wp-json\/wp\/v2\/pages\/2\/revisions"}],"predecessor-version":[{"id":110,"href":"https:\/\/nocwalki.powiatolkuski.pl\/index.php\/wp-json\/wp\/v2\/pages\/2\/revisions\/110"}],"wp:featuredmedia":[{"embeddable":true,"href":"https:\/\/nocwalki.powiatolkuski.pl\/index.php\/wp-json\/wp\/v2\/media\/109"}],"wp:attachment":[{"href":"https:\/\/nocwalki.powiatolkuski.pl\/index.php\/wp-json\/wp\/v2\/media?parent=2"}],"curies":[{"name":"wp","href":"https:\/\/api.w.org\/{rel}","templated":true}]}}