{"id":27,"date":"2022-02-12T10:00:44","date_gmt":"2022-02-12T09:00:44","guid":{"rendered":"http:\/\/nocwalki.powiatolkuski.pl\/?page_id=27"},"modified":"2022-11-16T14:08:34","modified_gmt":"2022-11-16T13:08:34","slug":"program","status":"publish","type":"page","link":"https:\/\/nocwalki.powiatolkuski.pl\/index.php\/program\/","title":{"rendered":"Program"},"content":{"rendered":"\r\n<p>PLAN GODZINOWY &#8211; <mark class=\"has-inline-color\" style=\"background-color: rgba(0, 0, 0, 0); color: #b10202;\"><strong>NOC WALKI O B\u0141OGOS\u0141AWIE\u0143STO DLA POLSK<\/strong>I<\/mark><br \/>(propozycja modlitw)<br \/>Godziny: 21.00 \u2013 2.30 (lub dowolna inna nocna)<\/p>\r\n\r\n\r\n\r\n<p><br \/><mark class=\"has-inline-color\" style=\"background-color: rgba(0, 0, 0, 0); color: #0507ab;\"><strong>21.00 &#8211; APEL JASNOG\u00d3RSKI<\/strong><\/mark><\/p>\r\n\r\n\r\n\r\n<ul class=\"wp-block-list\">\r\n<li>Modlitwa do Ducha \u015awi\u0119tego<\/li>\r\n<li>Akt zawierzenia Polski i siebie samych Niepokalanemu Sercu Naj\u015bwi\u0119tszej Maryi Panny<\/li>\r\n<li>Litania Narodu Polskiego<\/li>\r\n<li>Litania do \u015aw. Andrzeja Boboli \u2013 o \u0142ask\u0119 jedno\u015bci w\u015br\u00f3d Polak\u00f3w<\/li>\r\n<li>Modlitwa za Ojczyzn\u0119 do \u015aw. Jana Paw\u0142a II \/ \u015bw. s. Faustyny \/ b\u0142. ks. Jerzego Popie\u0142uszki<br \/><strong><mark class=\"has-inline-color\" style=\"background-color: rgba(0, 0, 0, 0); color: #010cf8;\">22.00 &#8211; WYSTAWIENIE NAJ\u015aWI\u0118TSZEGO SAKRAMENTU<\/mark><\/strong><\/li>\r\n<li>Modlitwa Litanijna do \u015aw. Micha\u0142a Archanio\u0142a<\/li>\r\n<li>R\u00f3\u017caniec za Ojczyzn\u0119 \u2013 cz\u0119\u015b\u0107 Radosna<br \/><strong><mark class=\"has-inline-color\" style=\"background-color: rgba(0, 0, 0, 0); color: #0611f9;\">23.00 \u2013 MODLITWA ZA KAP\u0141AN\u00d3W, MA\u0141\u017bE\u0143STWA I RODZINY<\/mark><\/strong><\/li>\r\n<li>R\u00f3\u017caniec za Ojczyzn\u0119 \u2013 cz\u0119\u015b\u0107 Bolesna<br \/><strong><mark class=\"has-inline-color\" style=\"background-color: rgba(0, 0, 0, 0); color: #f21827;\">24.00 \u2013 MSZA \u015aWI\u0118TA W INTENCJI OJCZYZNY<\/mark><\/strong><br \/><mark class=\"has-inline-color\" style=\"background-color: rgba(0, 0, 0, 0); color: #1a15f5;\"><strong>PO MSZY \u015aWI\u0118TEJ &#8211; WYSTAWIENIE NAJ\u015aWI\u0118TSZEGO SAKRAMENTU<\/strong><\/mark><\/li>\r\n<li>R\u00f3\u017caniec za Ojczyzn\u0119 \u2013 cz\u0119\u015b\u0107 Chwalebna<\/li>\r\n<li>Pancerz \u015bw. Patryka<\/li>\r\n<li>Procesja Siedmiu Okr\u0105\u017ce\u0144 w ciszy (opcja)<\/li>\r\n<li>B\u0142ogos\u0142awie\u0144stwo Naj\u015bwi\u0119tszym Sakramentem<br \/><mark class=\"has-inline-color\" style=\"background-color: rgba(0, 0, 0, 0); color: #0a1ade;\"><strong>ok. 2.30 &#8211; TE DEUM \u2013 CIEBIE BOGA WYS\u0141AWIAMY<\/strong><\/mark><\/li>\r\n<\/ul>\r\n","protected":false},"excerpt":{"rendered":"<p>PLAN GODZINOWY &#8211; NOC WALKI O B\u0141OGOS\u0141AWIE\u0143STO DLA POLSKI(propozycja modlitw)Godziny: 21.00 \u2013 2.30 (lub dowolna inna nocna) 21.00 &#8211; APEL JASNOG\u00d3RSKI Modlitwa do Ducha \u015awi\u0119tego Akt zawierzenia Polski i siebie samych Niepokalanemu Sercu Naj\u015bwi\u0119tszej Maryi Panny Litania Narodu Polskiego Litania do \u015aw. Andrzeja Boboli \u2013 o \u0142ask\u0119 jedno\u015bci w\u015br\u00f3d Polak\u00f3w Modlitwa za Ojczyzn\u0119 do \u015aw. [&hellip;]<\/p>\n","protected":false},"author":1,"featured_media":0,"parent":0,"menu_order":3,"comment_status":"closed","ping_status":"closed","template":"","meta":{"footnotes":""},"class_list":["post-27","page","type-page","status-publish","hentry"],"_links":{"self":[{"href":"https:\/\/nocwalki.powiatolkuski.pl\/index.php\/wp-json\/wp\/v2\/pages\/27","targetHints":{"allow":["GET"]}}],"collection":[{"href":"https:\/\/nocwalki.powiatolkuski.pl\/index.php\/wp-json\/wp\/v2\/pages"}],"about":[{"href":"https:\/\/nocwalki.powiatolkuski.pl\/index.php\/wp-json\/wp\/v2\/types\/page"}],"author":[{"embeddable":true,"href":"https:\/\/nocwalki.powiatolkuski.pl\/index.php\/wp-json\/wp\/v2\/users\/1"}],"replies":[{"embeddable":true,"href":"https:\/\/nocwalki.powiatolkuski.pl\/index.php\/wp-json\/wp\/v2\/comments?post=27"}],"version-history":[{"count":4,"href":"https:\/\/nocwalki.powiatolkuski.pl\/index.php\/wp-json\/wp\/v2\/pages\/27\/revisions"}],"predecessor-version":[{"id":118,"href":"https:\/\/nocwalki.powiatolkuski.pl\/index.php\/wp-json\/wp\/v2\/pages\/27\/revisions\/118"}],"wp:attachment":[{"href":"https:\/\/nocwalki.powiatolkuski.pl\/index.php\/wp-json\/wp\/v2\/media?parent=27"}],"curies":[{"name":"wp","href":"https:\/\/api.w.org\/{rel}","templated":true}]}}