{"id":34,"date":"2022-02-12T22:02:01","date_gmt":"2022-02-12T21:02:01","guid":{"rendered":"https:\/\/nocwalki.powiatolkuski.pl\/?page_id=34"},"modified":"2022-11-16T13:56:03","modified_gmt":"2022-11-16T12:56:03","slug":"kontakt","status":"publish","type":"page","link":"https:\/\/nocwalki.powiatolkuski.pl\/index.php\/kontakt\/","title":{"rendered":"Kontakt"},"content":{"rendered":"\r\n<p>Prosz\u0119 o zg\u0142aszanie si\u0119 os\u00f3b, wsp\u00f3lnot, kt\u00f3re chc\u0105 pom\u00f3c w organizacji tego wydarzenia\u00a0<\/p>\r\n\r\n\r\n\r\n<p>Telefon: <br \/>733 700 801 &#8211; Jarek<\/p>\r\n","protected":false},"excerpt":{"rendered":"<p>Prosz\u0119 o zg\u0142aszanie si\u0119 os\u00f3b, wsp\u00f3lnot, kt\u00f3re chc\u0105 pom\u00f3c w organizacji tego wydarzenia\u00a0 Telefon: 733 700 801 &#8211; Jarek<\/p>\n","protected":false},"author":1,"featured_media":0,"parent":0,"menu_order":5,"comment_status":"closed","ping_status":"closed","template":"","meta":{"footnotes":""},"class_list":["post-34","page","type-page","status-publish","hentry"],"_links":{"self":[{"href":"https:\/\/nocwalki.powiatolkuski.pl\/index.php\/wp-json\/wp\/v2\/pages\/34","targetHints":{"allow":["GET"]}}],"collection":[{"href":"https:\/\/nocwalki.powiatolkuski.pl\/index.php\/wp-json\/wp\/v2\/pages"}],"about":[{"href":"https:\/\/nocwalki.powiatolkuski.pl\/index.php\/wp-json\/wp\/v2\/types\/page"}],"author":[{"embeddable":true,"href":"https:\/\/nocwalki.powiatolkuski.pl\/index.php\/wp-json\/wp\/v2\/users\/1"}],"replies":[{"embeddable":true,"href":"https:\/\/nocwalki.powiatolkuski.pl\/index.php\/wp-json\/wp\/v2\/comments?post=34"}],"version-history":[{"count":4,"href":"https:\/\/nocwalki.powiatolkuski.pl\/index.php\/wp-json\/wp\/v2\/pages\/34\/revisions"}],"predecessor-version":[{"id":111,"href":"https:\/\/nocwalki.powiatolkuski.pl\/index.php\/wp-json\/wp\/v2\/pages\/34\/revisions\/111"}],"wp:attachment":[{"href":"https:\/\/nocwalki.powiatolkuski.pl\/index.php\/wp-json\/wp\/v2\/media?parent=34"}],"curies":[{"name":"wp","href":"https:\/\/api.w.org\/{rel}","templated":true}]}}